{"id":1143,"date":"2025-11-05T18:13:28","date_gmt":"2025-11-05T18:13:28","guid":{"rendered":"https:\/\/www.habsburg-heritage.com\/?page_id=1143"},"modified":"2025-11-05T18:20:12","modified_gmt":"2025-11-05T18:20:12","slug":"legal-notice","status":"publish","type":"page","link":"https:\/\/www.habsburg-heritage.com\/fr\/legal-notice\/","title":{"rendered":"Avis juridiques"},"content":{"rendered":"<div data-elementor-type=\"wp-page\" data-elementor-id=\"1143\" class=\"elementor elementor-1143\" data-elementor-post-type=\"page\">\n\t\t\t\t<div class=\"elementor-element elementor-element-fb74e1c e-flex e-con-boxed e-con e-parent\" data-id=\"fb74e1c\" data-element_type=\"container\" data-e-type=\"container\" data-settings=\"{&quot;background_background&quot;:&quot;classic&quot;}\">\n\t\t\t\t\t<div class=\"e-con-inner\">\n\t\t<div class=\"elementor-element elementor-element-8caa5fd e-con-full e-flex e-con e-child\" data-id=\"8caa5fd\" data-element_type=\"container\" data-e-type=\"container\">\n\t\t\t\t<div class=\"elementor-element elementor-element-d6c92f2 elementor-invisible elementor-widget elementor-widget-heading\" data-id=\"d6c92f2\" data-element_type=\"widget\" data-e-type=\"widget\" data-settings=\"{&quot;_animation&quot;:&quot;fadeInUp&quot;}\" data-widget_type=\"heading.default\">\n\t\t\t\t<div class=\"elementor-widget-container\">\n\t\t\t\t\t<h1 class=\"elementor-heading-title elementor-size-default\">Habsburg Heritage<\/h1>\t\t\t\t<\/div>\n\t\t\t\t<\/div>\n\t\t\t\t<\/div>\n\t\t\t\t\t<\/div>\n\t\t\t\t<\/div>\n\t\t<div class=\"elementor-element elementor-element-f3b14d3 e-flex e-con-boxed e-con e-parent\" data-id=\"f3b14d3\" data-element_type=\"container\" data-e-type=\"container\" data-settings=\"{&quot;background_background&quot;:&quot;classic&quot;}\">\n\t\t\t\t\t<div class=\"e-con-inner\">\n\t\t<div class=\"elementor-element elementor-element-823511a e-con-full e-flex e-con e-child\" data-id=\"823511a\" data-element_type=\"container\" data-e-type=\"container\" data-settings=\"{&quot;background_background&quot;:&quot;classic&quot;}\">\n\t\t\t\t<div class=\"elementor-element elementor-element-28cc7b3 elementor-widget elementor-widget-heading\" data-id=\"28cc7b3\" data-element_type=\"widget\" data-e-type=\"widget\" data-widget_type=\"heading.default\">\n\t\t\t\t<div class=\"elementor-widget-container\">\n\t\t\t\t\t<h2 class=\"elementor-heading-title elementor-size-default\">Avis Juridiques<\/h2>\t\t\t\t<\/div>\n\t\t\t\t<\/div>\n\t\t\t\t<div class=\"elementor-element elementor-element-bca17ad elementor-widget elementor-widget-text-editor\" data-id=\"bca17ad\" data-element_type=\"widget\" data-e-type=\"widget\" data-widget_type=\"text-editor.default\">\n\t\t\t\t<div class=\"elementor-widget-container\">\n\t\t\t\t\t\t\t\t\t<table width=\"605\"><tbody><tr><td width=\"208\">DARIUS Consulting GmbH<br \/>Siegfriedstra\u00dfe\u00a015<br \/>40549 D\u00fcsseldorf<br \/>Allemagne<\/td><\/tr><tr><td width=\"208\"><strong>Repr\u00e9sent\u00e9e par le directeur g\u00e9n\u00e9ral :<\/strong><\/td><\/tr><tr><td width=\"208\">Prof. Alexander Goepfert<\/td><\/tr><tr><td width=\"208\"><strong>Coordonn\u00e9es :<\/strong><\/td><\/tr><tr><td width=\"208\">Courrier \u00e9lectronique : <a href=\"mailto:habsburg-heritage.imprint@fticonsulting.com\">habsburg-heritage.imprint@fticonsulting.com<\/a><\/td><\/tr><tr><td width=\"208\"><strong>Enregistrement au registre commercial :<\/strong><\/td><\/tr><tr><td width=\"208\">Tribunal d\u2019enregistrement : Amtsgericht Frankfurt am Main<br \/>Num\u00e9ro d\u2019enregistrement : HRB 127654<\/td><\/tr><tr><td width=\"208\"><strong>Num\u00e9ro d\u2019identification TVA :<\/strong><\/td><\/tr><tr><td width=\"208\">DE356418679<\/td><\/tr><tr><td width=\"208\"><strong>Responsable du contenu r\u00e9dactionnel en vertu de l\u2019article 18(2) du trait\u00e9 sur les m\u00e9dias de l\u2019\u00c9tat allemand<em>&nbsp;(Medienstaatsvertrag -<\/em> MStV) :<\/strong><\/td><\/tr><tr><td width=\"208\">Prof. Alexander Goepfert<br \/>Siegfriedstra\u00dfe\u00a015<br \/>40549 D\u00fcsseldorf<br \/>Allemagne<\/td><\/tr><tr><td width=\"208\"><strong>INFORMATION JURIDIQUE<\/strong><\/td><\/tr><tr><td width=\"208\"><strong>Mise en garde<\/strong><\/td><\/tr><tr><td width=\"208\">Le contenu du pr\u00e9sent site Web a \u00e9t\u00e9 pr\u00e9par\u00e9 avec le plus grand soin. Toutefois, nous ne pouvons garantir l\u2019exactitude, l\u2019exhaustivit\u00e9 ou le caract\u00e8re actuel des renseignements fournis.<\/td><\/tr><tr><td width=\"208\">En tant que fournisseur de services, nous sommes responsables de notre propre contenu sur le pr\u00e9sent site Web conform\u00e9ment aux lois g\u00e9n\u00e9rales. Cependant, nous ne sommes pas tenus de surveiller les renseignements de tiers qui sont transmis ou stock\u00e9s ni de proc\u00e9der \u00e0 une enqu\u00eate sur des circonstances indiquant une activit\u00e9 ill\u00e9gale. Les obligations de retirer ou de bloquer l\u2019utilisation de renseignements en vertu des lois g\u00e9n\u00e9rales demeurent inchang\u00e9es. Toutefois, cette responsabilit\u00e9 n\u2019est engag\u00e9e qu\u2019\u00e0 partir du moment o\u00f9 nous prenons connaissance d\u2019une violation sp\u00e9cifique. D\u00e8s que nous serons avis\u00e9s d\u2019une telle violation, nous retirerons imm\u00e9diatement le contenu en question.<\/td><\/tr><tr><td width=\"208\"><strong>Droits d\u2019auteur et d\u2019utilisation<\/strong><\/td><\/tr><tr><td width=\"208\">Le contenu et les \u0153uvres que nous cr\u00e9ons sur le pr\u00e9sent site Web sont assujettis \u00e0 la l\u00e9gislation allemande sur le droit d\u2019auteur. Tout traitement ou toute reproduction, distribution, communication au public ou autre utilisation qui d\u00e9passe la port\u00e9e de la l\u00e9gislation sur le droit d\u2019auteur n\u00e9cessite le consentement \u00e9crit pr\u00e9alable du titulaire de droits concern\u00e9.<\/td><\/tr><tr><td width=\"208\">Plus particuli\u00e8rement, les images figurant sur le pr\u00e9sent site Web sont prot\u00e9g\u00e9es par le droit d\u2019auteur. Toute utilisation de ces images (p. ex., leur reproduction, leur distribution ou leur stockage) est interdite sans notre consentement \u00e9crit pr\u00e9alable.<\/td><\/tr><tr><td width=\"208\">Les t\u00e9l\u00e9chargements et les copies du pr\u00e9sent site Web aux fins de distribution ou d\u2019utilisation commerciale ne sont pas autoris\u00e9s. Dans la mesure o\u00f9 nous n\u2019avons pas cr\u00e9\u00e9 le contenu du pr\u00e9sent site Web, les droits d\u2019auteur de tiers sont respect\u00e9s. Plus particuli\u00e8rement, le contenu de tiers est d\u00e9sign\u00e9 comme tel. Si vous constatez n\u00e9anmoins une violation du droit d\u2019auteur, nous vous demandons de bien vouloir nous en aviser. D\u00e8s que nous serons avis\u00e9s d\u2019une telle violation, nous retirerons imm\u00e9diatement le contenu en question.<\/td><\/tr><tr><td width=\"208\"><strong>Disponibilit\u00e9 et modifications<\/strong><\/td><\/tr><tr><td width=\"208\">Nous ne pr\u00e9tendons pas que le pr\u00e9sent site Web fonctionnera de mani\u00e8re ininterrompue ou qu\u2019il sera disponible en tout temps. Des activit\u00e9s de maintenance, des mises \u00e0 jour et des interventions de tiers peuvent entra\u00eener des interruptions ou des restrictions.<\/td><\/tr><tr><td width=\"208\">Nous nous r\u00e9servons le droit de modifier, de compl\u00e9ter, d\u2019interrompre ou de fermer le pr\u00e9sent site Web ou des parties de celui-ci \u00e0 tout moment sans pr\u00e9avis.<\/td><\/tr><tr><td width=\"208\"><strong>Droit applicable<\/strong><\/td><\/tr><tr><td width=\"208\">Les avis juridiques figurant sur cette page, ainsi que l\u2019ensemble des questions et des diff\u00e9rends relatifs au pr\u00e9sent site Web, sont assujettis aux lois de la R\u00e9publique f\u00e9d\u00e9rale d\u2019Allemagne.<\/td><\/tr><\/tbody><\/table>\t\t\t\t\t\t\t\t<\/div>\n\t\t\t\t<\/div>\n\t\t\t\t<\/div>\n\t\t\t\t\t<\/div>\n\t\t\t\t<\/div>\n\t\t<div class=\"elementor-element elementor-element-46b89fc e-flex e-con-boxed e-con e-parent\" data-id=\"46b89fc\" data-element_type=\"container\" data-e-type=\"container\" data-settings=\"{&quot;background_background&quot;:&quot;classic&quot;}\">\n\t\t\t\t\t<div class=\"e-con-inner\">\n\t\t\t\t\t<\/div>\n\t\t\t\t<\/div>\n\t\t\t\t<\/div>","protected":false},"excerpt":{"rendered":"<p>Habsburg Heritage Legal Notices DARIUS Consulting GmbHSiegfriedstra\u00dfe\u00a01540549 D\u00fcsseldorfGermany Represented by the Managing Director: Prof. Dr. Alexander Goepfert Contact: Email: habsburg-heritage.imprint@fticonsulting.com Commercial Register Entry: Register court: Amtsgericht Frankfurt am MainRegistration number: HRB\u00a0127654 VAT Identification Number: DE356418679 Person responsible for editorial content pursuant to Section\u00a018(2) of the German State Media Treaty (Medienstaatsvertrag \u2013 MStV): Prof. Dr. Alexander [&hellip;]<\/p>","protected":false},"author":2,"featured_media":1131,"parent":0,"menu_order":0,"comment_status":"closed","ping_status":"closed","template":"elementor_header_footer","meta":{"_seopress_robots_primary_cat":"","_seopress_titles_title":"Legal Notice","_seopress_titles_desc":"","_seopress_robots_index":"yes","_seopress_analysis_target_kw":"","footnotes":""},"class_list":["post-1143","page","type-page","status-publish","has-post-thumbnail","hentry"],"_links":{"self":[{"href":"https:\/\/www.habsburg-heritage.com\/fr\/wp-json\/wp\/v2\/pages\/1143","targetHints":{"allow":["GET"]}}],"collection":[{"href":"https:\/\/www.habsburg-heritage.com\/fr\/wp-json\/wp\/v2\/pages"}],"about":[{"href":"https:\/\/www.habsburg-heritage.com\/fr\/wp-json\/wp\/v2\/types\/page"}],"author":[{"embeddable":true,"href":"https:\/\/www.habsburg-heritage.com\/fr\/wp-json\/wp\/v2\/users\/2"}],"replies":[{"embeddable":true,"href":"https:\/\/www.habsburg-heritage.com\/fr\/wp-json\/wp\/v2\/comments?post=1143"}],"version-history":[{"count":0,"href":"https:\/\/www.habsburg-heritage.com\/fr\/wp-json\/wp\/v2\/pages\/1143\/revisions"}],"wp:featuredmedia":[{"embeddable":true,"href":"https:\/\/www.habsburg-heritage.com\/fr\/wp-json\/wp\/v2\/media\/1131"}],"wp:attachment":[{"href":"https:\/\/www.habsburg-heritage.com\/fr\/wp-json\/wp\/v2\/media?parent=1143"}],"curies":[{"name":"wp","href":"https:\/\/api.w.org\/{rel}","templated":true}]}}