{"id":1169,"date":"2025-11-13T13:12:46","date_gmt":"2025-11-13T13:12:46","guid":{"rendered":"https:\/\/www.habsburg-heritage.com\/?page_id=1169"},"modified":"2025-12-19T22:25:05","modified_gmt":"2025-12-19T22:25:05","slug":"historical-background","status":"publish","type":"page","link":"https:\/\/www.habsburg-heritage.com\/de\/historical-background\/","title":{"rendered":"Historischer Hintergrund"},"content":{"rendered":"<div data-elementor-type=\"wp-page\" data-elementor-id=\"1169\" class=\"elementor elementor-1169\" data-elementor-post-type=\"page\">\n\t\t\t\t<div class=\"elementor-element elementor-element-fb74e1c e-flex e-con-boxed e-con e-parent\" data-id=\"fb74e1c\" data-element_type=\"container\" data-e-type=\"container\" data-settings=\"{&quot;background_background&quot;:&quot;classic&quot;}\">\n\t\t\t\t\t<div class=\"e-con-inner\">\n\t\t<div class=\"elementor-element elementor-element-8caa5fd e-con-full e-flex e-con e-child\" data-id=\"8caa5fd\" data-element_type=\"container\" data-e-type=\"container\">\n\t\t\t\t<div class=\"elementor-element elementor-element-d6c92f2 elementor-invisible elementor-widget elementor-widget-heading\" data-id=\"d6c92f2\" data-element_type=\"widget\" data-e-type=\"widget\" data-settings=\"{&quot;_animation&quot;:&quot;fadeInUp&quot;}\" data-widget_type=\"heading.default\">\n\t\t\t\t<div class=\"elementor-widget-container\">\n\t\t\t\t\t<h1 class=\"elementor-heading-title elementor-size-default\">Historischer Hintergrund<\/h1>\t\t\t\t<\/div>\n\t\t\t\t<\/div>\n\t\t\t\t<\/div>\n\t\t\t\t\t<\/div>\n\t\t\t\t<\/div>\n\t\t<div class=\"elementor-element elementor-element-f3b14d3 e-flex e-con-boxed e-con e-parent\" data-id=\"f3b14d3\" data-element_type=\"container\" data-e-type=\"container\" data-settings=\"{&quot;background_background&quot;:&quot;classic&quot;}\">\n\t\t\t\t\t<div class=\"e-con-inner\">\n\t\t<div class=\"elementor-element elementor-element-823511a e-con-full e-flex e-con e-child\" data-id=\"823511a\" data-element_type=\"container\" data-e-type=\"container\" data-settings=\"{&quot;background_background&quot;:&quot;classic&quot;}\">\n\t\t<div class=\"elementor-element elementor-element-d279b55 e-con-full e-flex e-con e-child\" data-id=\"d279b55\" data-element_type=\"container\" data-e-type=\"container\" data-settings=\"{&quot;background_background&quot;:&quot;classic&quot;}\">\n\t\t<div class=\"elementor-element elementor-element-9bb597d e-con-full e-flex e-con e-child\" data-id=\"9bb597d\" data-element_type=\"container\" data-e-type=\"container\">\n\t\t\t\t<div class=\"elementor-element elementor-element-4d0bd40 elementor-widget elementor-widget-text-editor\" data-id=\"4d0bd40\" data-element_type=\"widget\" data-e-type=\"widget\" data-widget_type=\"text-editor.default\">\n\t\t\t\t<div class=\"elementor-widget-container\">\n\t\t\t\t\t\t\t\t\t<strong>Von Wien nach Qu\u00e9bec<\/strong>\t\t\t\t\t\t\t\t<\/div>\n\t\t\t\t<\/div>\n\t\t\t\t<div class=\"elementor-element elementor-element-7655ef4 elementor-widget elementor-widget-text-editor\" data-id=\"7655ef4\" data-element_type=\"widget\" data-e-type=\"widget\" data-widget_type=\"text-editor.default\">\n\t\t\t\t<div class=\"elementor-widget-container\">\n\t\t\t\t\t\t\t\t\t<p><strong>Die kaiserliche Familie von Habsburg-Lothringen und ihr Privatschmuck<\/strong><\/p>\t\t\t\t\t\t\t\t<\/div>\n\t\t\t\t<\/div>\n\t\t\t\t<div class=\"elementor-element elementor-element-276ff03 elementor-widget elementor-widget-text-editor\" data-id=\"276ff03\" data-element_type=\"widget\" data-e-type=\"widget\" data-widget_type=\"text-editor.default\">\n\t\t\t\t<div class=\"elementor-widget-container\">\n\t\t\t\t\t\t\t\t\t<p><em>Von Richard Bassett<\/em><\/p>\t\t\t\t\t\t\t\t<\/div>\n\t\t\t\t<\/div>\n\t\t\t\t<div class=\"elementor-element elementor-element-ca4c2ed elementor-widget elementor-widget-text-editor\" data-id=\"ca4c2ed\" data-element_type=\"widget\" data-e-type=\"widget\" data-widget_type=\"text-editor.default\">\n\t\t\t\t<div class=\"elementor-widget-container\">\n\t\t\t\t\t\t\t\t\t<p>Das Haus Habsburg-Lothringen entstand 1736 durch die Heirat der Erzherzogin Maria Theresia von \u00d6sterreich mit dem Herzog von Lothringen, Franz-Stephan. Diese Linie stellte alle Kaiser des Heiligen R\u00f6mischen Reiches von 1745 bis 1806 und die Kaiser von \u00d6sterreich im Zeitraum von 1804 bis 1918. Die hier besprochenen Schmuckst\u00fccke waren historisch gesehen Teil des Privateigentums der kaiserlichen Familie.<\/p>\t\t\t\t\t\t\t\t<\/div>\n\t\t\t\t<\/div>\n\t\t<div class=\"elementor-element elementor-element-6cac9c8 e-grid e-con-full e-con e-child\" data-id=\"6cac9c8\" data-element_type=\"container\" data-e-type=\"container\">\n\t\t\t\t<div class=\"elementor-element elementor-element-a448811 elementor-widget elementor-widget-text-editor\" data-id=\"a448811\" data-element_type=\"widget\" data-e-type=\"widget\" data-widget_type=\"text-editor.default\">\n\t\t\t\t<div class=\"elementor-widget-container\">\n\t\t\t\t\t\t\t\t\t<p>Unter den Schmuckst\u00fccken befinden sich unter anderem ein diamantbesetzter Orden vom Goldenen Vlies, der Hausorden der Familie Habsburg, und der sogenannte \u201eFlorentiner\u201c-Diamant. Die beiden Objekte wurden zusammen mit den anderen Gegenst\u00e4nden immer in einem gesonderten Verzeichnis neben den staatlichen Kronjuwelen der Habsburger-Monarchie aufgef\u00fchrt. Das best\u00e4tigt ihren Status als Gegenst\u00e4nde, die nicht Teil der Kronjuwelen der Monarchie waren. Dies wurde 1921 auch durch den damaligen Finanzprokurator in \u00d6sterreich best\u00e4tigt, der alle Objekte der hier besprochenen Sammlung als \u201ereines habsburg-lothringisches Privatverm\u00f6gen\u201c des Hauses Habsburg-Lothringen deklarierte.<sup>1<\/sup> 2001 wurde der Schmuck erneut als \u201ePrivatschmuck\u201c, und damit als pers\u00f6nliches Eigentum des Kaiserhauses, bezeichnet.<sup>2<\/sup><\/p><p>Der \u201eFlorentiner\u201c-Diamant ging in das Eigentum der Habsburger \u00fcber, als mit dem Aussterben der m\u00e4nnlichen Medici-Linie die Toskana an den Herzog von Lothringen, Franz-Stephan, fiel, der 1736 die Erzherzogin Maria Theresia von \u00d6sterreich geheiratet hatte. Der Wiener Vertrag von 1738 best\u00e4tigte die vollst\u00e4ndige \u00dcbertragung der Toskana an Franz-Stephan, der im Gegenzug seinen Anspruch auf das Herzogtum Lothringen aufgab und im Jahr 1745 mit Unterst\u00fctzung seiner Frau zum Kaiser des Heiligen R\u00f6mischen Reiches gekr\u00f6nt wurde.<\/p>\t\t\t\t\t\t\t\t<\/div>\n\t\t\t\t<\/div>\n\t\t\t\t<div class=\"elementor-element elementor-element-a794078 elementor-widget elementor-widget-image\" data-id=\"a794078\" data-element_type=\"widget\" data-e-type=\"widget\" data-widget_type=\"image.default\">\n\t\t\t\t<div class=\"elementor-widget-container\">\n\t\t\t\t\t\t\t\t\t\t\t\t<figure class=\"wp-caption\">\n\t\t\t\t\t\t\t\t\t\t<img alt=\"\" fetchpriority=\"high\" decoding=\"async\" width=\"800\" height=\"837\" src=\"https:\/\/www.habsburg-heritage.com\/wp-content\/uploads\/2025\/10\/251030_Habsburg-Heritage_Family-in-Canada.jpg\" class=\"attachment-large size-large wp-image-908\" srcset=\"https:\/\/www.habsburg-heritage.com\/wp-content\/uploads\/2025\/10\/251030_Habsburg-Heritage_Family-in-Canada.jpg 800w, https:\/\/www.habsburg-heritage.com\/wp-content\/uploads\/2025\/10\/251030_Habsburg-Heritage_Family-in-Canada-287x300.jpg 287w, https:\/\/www.habsburg-heritage.com\/wp-content\/uploads\/2025\/10\/251030_Habsburg-Heritage_Family-in-Canada-768x804.jpg 768w\" sizes=\"(max-width: 800px) 100vw, 800px\" \/>\t\t\t\t\t\t\t\t\t\t\t<figcaption class=\"widget-image-caption wp-caption-text\">Kaiserin Zita und ihre Kinder in St. Joseph (Kanada) | Quelle: Darius Consulting GmbH<\/figcaption>\n\t\t\t\t\t\t\t\t\t\t<\/figure>\n\t\t\t\t\t\t\t\t\t<\/div>\n\t\t\t\t<\/div>\n\t\t\t\t<\/div>\n\t\t\t\t<div class=\"elementor-element elementor-element-03a97be elementor-widget elementor-widget-text-editor\" data-id=\"03a97be\" data-element_type=\"widget\" data-e-type=\"widget\" data-widget_type=\"text-editor.default\">\n\t\t\t\t<div class=\"elementor-widget-container\">\n\t\t\t\t\t\t\t\t\tDer Diamant wurde sp\u00e4ter in eine Brosche integriert und verblieb bis zur ersten Novemberwoche 1918 in Wien, als, angesichts der Ungewissheit des Endes des Kaiserreichs und der zunehmenden Bedrohung durch Bolschewiken und Anarchisten, auf Befehl des letzten Habsburger Kaisers Karl I. alle als Privatschmuck bezeichneten Schmuckst\u00fccke aus \u00d6sterreich in die Schweiz in Sicherheit gebracht wurden. Die Kronjuwelen blieben in ihrer Gesamtheit in Wien, wo sie bis heute ausgestellt sind.\t\t\t\t\t\t\t\t<\/div>\n\t\t\t\t<\/div>\n\t\t\t\t<div class=\"elementor-element elementor-element-cae6252 elementor-widget elementor-widget-text-editor\" data-id=\"cae6252\" data-element_type=\"widget\" data-e-type=\"widget\" data-widget_type=\"text-editor.default\">\n\t\t\t\t<div class=\"elementor-widget-container\">\n\t\t\t\t\t\t\t\t\tNachdem Karl I. \u00d6sterreich verlassen hatte und in die Schweiz ins Exil gegangen war, erlie\u00df die Erste \u00d6sterreichische Republik 1919 das Erste und Zweite Habsburgergesetz, mit denen das gesamte Verm\u00f6gen der Familie in \u00d6sterreich enteignet wurde \u2013 ohne daf\u00fcr eine Entsch\u00e4digung zu erhalten.<sup>3<\/sup>\t\t\t\t\t\t\t\t<\/div>\n\t\t\t\t<\/div>\n\t\t\t\t<div class=\"elementor-element elementor-element-34a61d3 elementor-widget elementor-widget-text-editor\" data-id=\"34a61d3\" data-element_type=\"widget\" data-e-type=\"widget\" data-widget_type=\"text-editor.default\">\n\t\t\t\t<div class=\"elementor-widget-container\">\n\t\t\t\t\t\t\t\t\tDer letzte Kaiser starb 1922 auf Madeira im Exil. Als die Spannungen in Europa zunahmen, stellten sich seine Witwe, Kaiserin Zita, und sein \u00e4ltester Sohn, Kronprinz Otto, entschlossen gegen die wachsende nationalsozialistische Bedrohung. Trotz mehrerer Einladungen aus Berlin weigerte sich Kronprinz Otto, Adolf Hitler zu treffen, nachdem dieser 1933 an die Macht gekommen war, und begr\u00fcndete dies mit der\n\u201ev\u00f6lligen Unvereinbarkeit der Traditionen meiner Familie mit der Ideologie des Dritten Reiches.\u201c<sup>4<\/sup>\t\t\t\t\t\t\t\t<\/div>\n\t\t\t\t<\/div>\n\t\t\t\t<div class=\"elementor-element elementor-element-a094e47 elementor-widget elementor-widget-text-editor\" data-id=\"a094e47\" data-element_type=\"widget\" data-e-type=\"widget\" data-widget_type=\"text-editor.default\">\n\t\t\t\t<div class=\"elementor-widget-container\">\n\t\t\t\t\t\t\t\t\tW\u00e4hrend der 1930er Jahre bot Otto seine Dienste der zunehmend geschw\u00e4chten Ersten Republik \u00d6sterreich an. Er war bereit, sein Leben zu riskieren und am Vorabend des nationalsozialistischen Anschlusses nach \u00d6sterreich zur\u00fcckzukehren. Doch obwohl die Erste \u00d6sterreichische Republik 1937 das enteignete Verm\u00f6gen der Habsburger teilweise zur\u00fcckgab, zog die zunehmend demoralisierte \u00f6sterreichische Regierung eine Duldung der nationalsozialistischen Forderungen dem Widerstand vor. Ottos Angebot wurde abgelehnt, und der Anschluss fand am 12. M\u00e4rz 1938 statt.\t\t\t\t\t\t\t\t<\/div>\n\t\t\t\t<\/div>\n\t\t\t\t<div class=\"elementor-element elementor-element-74a5d90 elementor-widget elementor-widget-text-editor\" data-id=\"74a5d90\" data-element_type=\"widget\" data-e-type=\"widget\" data-widget_type=\"text-editor.default\">\n\t\t\t\t<div class=\"elementor-widget-container\">\n\t\t\t\t\t\t\t\t\tDass die Nationalsozialisten die Familie Habsburg als Todfeinde betrachteten, zeigte sich deutlich an der Schnelligkeit, mit der sie sich des gesamten habsburgischen Verm\u00f6gens in \u00d6sterreich bem\u00e4chtigten. Zwei Tage nach der Besetzung Wiens erlie\u00df die NS-Regierung am 14. M\u00e4rz ein Gesetz zur \u201eVerstaatlichung\u201c des gesamten habsburgischen Verm\u00f6gens in \u00d6sterreich und erkl\u00e4rte es zum \u201eEigentum des Dritten Reiches\u201c.<sup>5<\/sup>\t\t\t\t\t\t\t\t<\/div>\n\t\t\t\t<\/div>\n\t\t\t\t<div class=\"elementor-element elementor-element-818ea07 elementor-widget elementor-widget-text-editor\" data-id=\"818ea07\" data-element_type=\"widget\" data-e-type=\"widget\" data-widget_type=\"text-editor.default\">\n\t\t\t\t<div class=\"elementor-widget-container\">\n\t\t\t\t\t\t\t\t\tAls ein Jahr sp\u00e4ter, 1939, der Zweite Weltkrieg ausbrach, lebte die Familie im Exil in Belgien. Nach der Invasion der Niederlande und Belgien im Mai 1940 flohen sie vor den Nazis, kurz bevor die deutsche Luftwaffe ihr belgisches Zuhause bombardierte. Sie gingen zun\u00e4chst nach Portugal und dann mit Unterst\u00fctzung der USA weiter nach Kanada. Dort setzen sie sich w\u00e4hrend der gesamten Kriegsdauer f\u00fcr die Unabh\u00e4ngigkeit \u00d6sterreichs und die Befreiung Europas von der Nazi-Tyrannei ein.\t\t\t\t\t\t\t\t<\/div>\n\t\t\t\t<\/div>\n\t\t\t\t<div class=\"elementor-element elementor-element-f8595e6 elementor-widget elementor-widget-text-editor\" data-id=\"f8595e6\" data-element_type=\"widget\" data-e-type=\"widget\" data-widget_type=\"text-editor.default\">\n\t\t\t\t<div class=\"elementor-widget-container\">\n\t\t\t\t\t\t\t\t\tAuf ihrer Flucht vor den Nazis musste die Familie zwar den Gro\u00dfteil ihres Besitzes zur\u00fccklassen, konnte aber Teile des Familienschmucks retten, den sie 1940 nach Quebec brachte. Dort fanden sie in Quebec City ihr neues Zuhause.\t\t\t\t\t\t\t\t<\/div>\n\t\t\t\t<\/div>\n\t\t\t\t<div class=\"elementor-element elementor-element-7775f76 elementor-widget elementor-widget-text-editor\" data-id=\"7775f76\" data-element_type=\"widget\" data-e-type=\"widget\" data-widget_type=\"text-editor.default\">\n\t\t\t\t<div class=\"elementor-widget-container\">\n\t\t\t\t\t\t\t\t\tObwohl nach dem Krieg durch die siegreichen Alliierten ein unabh\u00e4ngiges \u00d6sterreich wiederhergestellt wurde, erlie\u00df die junge Zweite Republik am 6. Juli 1954 ein Gesetz, mit dem das w\u00e4hrend der Eingliederung \u00d6sterreichs in das Hitler-Reich von den Nazis per Gesetz entzogene Verm\u00f6gen automatisch in die Republik eingegliedert wurde.<sup>6<\/sup> Dieses Gesetz, das auch enteignetes j\u00fcdisches Verm\u00f6gen umfasste, best\u00e4tigte die Enteignung des gesamten habsburgischen Verm\u00f6gens in \u00d6sterreich durch die Nationalsozialisten. Dieses Gesetz ist zusammen mit den fr\u00fcheren konfiskatorischen Habsburgergesetzen von 1919 bis heute Teil der \u00f6sterreichischen Verfassung.\t\t\t\t\t\t\t\t<\/div>\n\t\t\t\t<\/div>\n\t\t\t\t<div class=\"elementor-element elementor-element-9ac1845 elementor-widget elementor-widget-text-editor\" data-id=\"9ac1845\" data-element_type=\"widget\" data-e-type=\"widget\" data-widget_type=\"text-editor.default\">\n\t\t\t\t<div class=\"elementor-widget-container\">\n\t\t\t\t\t\t\t\t\t<p>Diese Gesetzgebung hat jedoch keine Relevanz f\u00fcr das rechtm\u00e4\u00dfige Eigentum an den hier behandelten privaten Schmuckst\u00fccken, da sich diese zum Zeitpunkt der Verabschiedung au\u00dferhalb \u00d6sterreichs befanden. Die Erste \u00d6sterreichische Republik hatte 1921 versucht, Druck auf die Schweizer Regierung auszu\u00fcben, um einige dieser Gegenst\u00e4nde herauszugeben. Dokumente in den Schweizer Archiven belegen, wie diese Versuche aus rein rechtlichen Gr\u00fcnden scheiterten.<sup>7<\/sup><\/p>\t\t\t\t\t\t\t\t<\/div>\n\t\t\t\t<\/div>\n\t\t\t\t<div class=\"elementor-element elementor-element-ccadeac elementor-widget elementor-widget-text-editor\" data-id=\"ccadeac\" data-element_type=\"widget\" data-e-type=\"widget\" data-widget_type=\"text-editor.default\">\n\t\t\t\t<div class=\"elementor-widget-container\">\n\t\t\t\t\t\t\t\t\tAls Zita 1953 w\u00e4hrend des Kalten Krieges mit all seinen Risiken und Unw\u00e4gbarkeiten aus Amerika nach Europa zur\u00fcckkehrte, lie\u00df sie den Familienschmuck in der Sicherheit von Quebec zur\u00fcck, wo er bis heute liegt. Es dauerte bis 1982, bis die \u00f6sterreichische Regierung der ehemaligen Kaiserin erlaubte, das Land zu besuchen, das sie 1919 verlassen hatte. Zita starb 1989 im Alter von 96 Jahren in der Schweiz.\t\t\t\t\t\t\t\t<\/div>\n\t\t\t\t<\/div>\n\t\t\t\t<div class=\"elementor-element elementor-element-073af0c elementor-widget elementor-widget-text-editor\" data-id=\"073af0c\" data-element_type=\"widget\" data-e-type=\"widget\" data-widget_type=\"text-editor.default\">\n\t\t\t\t<div class=\"elementor-widget-container\">\n\t\t\t\t\t\t\t\t\t<p><em>Richard Bassett ist Bye-Fellow des Christ's College Cambridge und ehemaliger Gastprofessor an der Central European University. Seit fast vierzig Jahren ist er ein anerkannter Experte auf dem Gebiet der mitteleurop\u00e4ischen Geschichte. Er ist Autor der weithin gelobten Biografie von Maria Theresia (Yale University Press), der bahnbrechenden Geschichte der habsburgischen Armee \"For God and Kaiser\" (Yale University Press) und eines Bestsellers \u00fcber Mitteleuropa w\u00e4hrend des letzten Jahrzehnts des Kalten Krieges \"Last Days in Old Europe\" (Allen Lane). Er ist Senior Associate des Cambridge Centre for Geopolitics.<\/em><\/p>\t\t\t\t\t\t\t\t<\/div>\n\t\t\t\t<\/div>\n\t\t\t\t<div class=\"elementor-element elementor-element-4f70daf elementor-mobile-align-center elementor-invisible elementor-widget elementor-widget-button\" data-id=\"4f70daf\" data-element_type=\"widget\" data-e-type=\"widget\" data-settings=\"{&quot;_animation&quot;:&quot;fadeInUp&quot;}\" data-widget_type=\"button.default\">\n\t\t\t\t<div class=\"elementor-widget-container\">\n\t\t\t\t\t\t\t\t\t<div class=\"elementor-button-wrapper\">\n\t\t\t\t\t<a class=\"elementor-button elementor-button-link elementor-size-sm\" href=\"http:\/\/www.habsburg-heritage.com\/wp-content\/uploads\/2025\/11\/251106_Historischer-Hintergrund-von-Richard-Bassett.pdf\" target=\"_blank\">\n\t\t\t\t\t\t<span class=\"elementor-button-content-wrapper\">\n\t\t\t\t\t\t<span class=\"elementor-button-icon\">\n\t\t\t\t<svg xmlns=\"http:\/\/www.w3.org\/2000\/svg\" width=\"24\" height=\"24\" viewbox=\"0 0 24 24\" fill=\"none\"><mask id=\"mask0_2838_784\" style=\"mask-type:alpha\" maskunits=\"userSpaceOnUse\" x=\"0\" y=\"0\" width=\"24\" height=\"24\"><rect width=\"24\" height=\"24\" fill=\"#D9D9D9\"><\/rect><\/mask><g mask=\"url(#mask0_2838_784)\"><path d=\"M13.2924 12.0001L8.69238 7.40008L9.40008 6.69238L14.7078 12.0001L9.40008 17.3078L8.69238 16.6001L13.2924 12.0001Z\" fill=\"white\"><\/path><\/g><\/svg>\t\t\t<\/span>\n\t\t\t\t\t\t\t\t\t<span class=\"elementor-button-text\">Download Historischer Hintergrund<\/span>\n\t\t\t\t\t<\/span>\n\t\t\t\t\t<\/a>\n\t\t\t\t<\/div>\n\t\t\t\t\t\t\t\t<\/div>\n\t\t\t\t<\/div>\n\t\t\t\t<\/div>\n\t\t\t\t<\/div>\n\t\t\t\t<\/div>\n\t\t\t\t\t<\/div>\n\t\t\t\t<\/div>\n\t\t<div class=\"elementor-element elementor-element-46b89fc e-flex e-con-boxed e-con e-parent\" data-id=\"46b89fc\" data-element_type=\"container\" data-e-type=\"container\" data-settings=\"{&quot;background_background&quot;:&quot;classic&quot;}\">\n\t\t\t\t\t<div class=\"e-con-inner\">\n\t\t\t\t<div class=\"elementor-element elementor-element-779f4c6 elementor-align-start elementor-icon-list--layout-traditional elementor-list-item-link-full_width elementor-widget elementor-widget-icon-list\" data-id=\"779f4c6\" data-element_type=\"widget\" data-e-type=\"widget\" data-widget_type=\"icon-list.default\">\n\t\t\t\t<div class=\"elementor-widget-container\">\n\t\t\t\t\t\t\t<ul class=\"elementor-icon-list-items\">\n\t\t\t\t\t\t\t<li class=\"elementor-icon-list-item\">\n\t\t\t\t\t\t\t\t\t\t<span class=\"elementor-icon-list-text\">1. Schweizer Bundesarchiv Bern: Memorandum des Schweizerischen Botschafters an den Schweizerischen Au\u00dfenminister vom 8. und 14. Februar 1921. P.10 B44\/142\/2<\/span>\n\t\t\t\t\t\t\t\t\t<\/li>\n\t\t\t\t\t\t\t\t<li class=\"elementor-icon-list-item\">\n\t\t\t\t\t\t\t\t\t\t<span class=\"elementor-icon-list-text\">2. Schreiben des Direktors der Kunstkammer im Kunsthistorischen Museum Wien, Dr. Rudolf Distelberger, vom 7. November 2001, in dem\nder Direktor mitteilt, dass die Gegenst\u00e4nde immer in einem separaten Inventar als \u201ePrivatschmuck des Kaiserhauses\u201c gef\u00fchrt wurden.<\/span>\n\t\t\t\t\t\t\t\t\t<\/li>\n\t\t\t\t\t\t\t\t<li class=\"elementor-icon-list-item\">\n\t\t\t\t\t\t\t\t\t\t<span class=\"elementor-icon-list-text\">3. Habsburgergesetz als Verfassungsgesetz \u00d6sterreichs (siehe Art. 149 BV-G)<\/span>\n\t\t\t\t\t\t\t\t\t<\/li>\n\t\t\t\t\t\t\t\t<li class=\"elementor-icon-list-item\">\n\t\t\t\t\t\t\t\t\t\t<span class=\"elementor-icon-list-text\">4. ORF-Radiointerview mit Otto Habsburg 22.10.1995<\/span>\n\t\t\t\t\t\t\t\t\t<\/li>\n\t\t\t\t\t\t\t\t<li class=\"elementor-icon-list-item\">\n\t\t\t\t\t\t\t\t\t\t<span class=\"elementor-icon-list-text\">5. Gesetz vom 14.3.1938; Gesetzblatt f\u00fcr das Land Oesterreich Nr 311<\/span>\n\t\t\t\t\t\t\t\t\t<\/li>\n\t\t\t\t\t\t\t\t<li class=\"elementor-icon-list-item\">\n\t\t\t\t\t\t\t\t\t\t<span class=\"elementor-icon-list-text\">6. Stiftungs- und Fonds-Reorganisationsgesetz vom 6. Juli 1954 BGBL 197\/54<\/span>\n\t\t\t\t\t\t\t\t\t<\/li>\n\t\t\t\t\t\t\t\t<li class=\"elementor-icon-list-item\">\n\t\t\t\t\t\t\t\t\t\t<span class=\"elementor-icon-list-text\">7. Schweizer Bundesarchiv Bern: Memorandum des Schweizerischen Botschafters an den Schweizerischen Au\u00dfenminister vom 8. und 14. Februar 1921. P. 10 B44\/142\/2<\/span>\n\t\t\t\t\t\t\t\t\t<\/li>\n\t\t\t\t\t\t<\/ul>\n\t\t\t\t\t\t<\/div>\n\t\t\t\t<\/div>\n\t\t\t\t\t<\/div>\n\t\t\t\t<\/div>\n\t\t\t\t<\/div>","protected":false},"excerpt":{"rendered":"<p>Historical background From Vienna to Quebec An itinerary of the imperial family of Habsburg-Lorraine and its private jewellery (&#8220;Privatschmuck&#8221;) By Richard Bassett The House of Habsburg-Lorraine was created in 1736 through the marriage of Archduchess Maria Theresa of Austria to the Duke of Lorraine, Francis-Stephen. This line provided all the Holy Roman Emperors from 1745 [&hellip;]<\/p>","protected":false},"author":2,"featured_media":1131,"parent":0,"menu_order":0,"comment_status":"closed","ping_status":"closed","template":"elementor_header_footer","meta":{"_seopress_robots_primary_cat":"","_seopress_titles_title":"Historical Background","_seopress_titles_desc":"","_seopress_robots_index":"","footnotes":""},"class_list":["post-1169","page","type-page","status-publish","has-post-thumbnail","hentry"],"_links":{"self":[{"href":"https:\/\/www.habsburg-heritage.com\/de\/wp-json\/wp\/v2\/pages\/1169","targetHints":{"allow":["GET"]}}],"collection":[{"href":"https:\/\/www.habsburg-heritage.com\/de\/wp-json\/wp\/v2\/pages"}],"about":[{"href":"https:\/\/www.habsburg-heritage.com\/de\/wp-json\/wp\/v2\/types\/page"}],"author":[{"embeddable":true,"href":"https:\/\/www.habsburg-heritage.com\/de\/wp-json\/wp\/v2\/users\/2"}],"replies":[{"embeddable":true,"href":"https:\/\/www.habsburg-heritage.com\/de\/wp-json\/wp\/v2\/comments?post=1169"}],"version-history":[{"count":0,"href":"https:\/\/www.habsburg-heritage.com\/de\/wp-json\/wp\/v2\/pages\/1169\/revisions"}],"wp:featuredmedia":[{"embeddable":true,"href":"https:\/\/www.habsburg-heritage.com\/de\/wp-json\/wp\/v2\/media\/1131"}],"wp:attachment":[{"href":"https:\/\/www.habsburg-heritage.com\/de\/wp-json\/wp\/v2\/media?parent=1169"}],"curies":[{"name":"wp","href":"https:\/\/api.w.org\/{rel}","templated":true}]}}