{"id":1143,"date":"2025-11-05T18:13:28","date_gmt":"2025-11-05T18:13:28","guid":{"rendered":"https:\/\/www.habsburg-heritage.com\/?page_id=1143"},"modified":"2025-11-05T18:20:12","modified_gmt":"2025-11-05T18:20:12","slug":"legal-notice","status":"publish","type":"page","link":"https:\/\/www.habsburg-heritage.com\/de\/legal-notice\/","title":{"rendered":"Impressum"},"content":{"rendered":"<div data-elementor-type=\"wp-page\" data-elementor-id=\"1143\" class=\"elementor elementor-1143\" data-elementor-post-type=\"page\">\n\t\t\t\t<div class=\"elementor-element elementor-element-fb74e1c e-flex e-con-boxed e-con e-parent\" data-id=\"fb74e1c\" data-element_type=\"container\" data-e-type=\"container\" data-settings=\"{&quot;background_background&quot;:&quot;classic&quot;}\">\n\t\t\t\t\t<div class=\"e-con-inner\">\n\t\t<div class=\"elementor-element elementor-element-8caa5fd e-con-full e-flex e-con e-child\" data-id=\"8caa5fd\" data-element_type=\"container\" data-e-type=\"container\">\n\t\t\t\t<div class=\"elementor-element elementor-element-d6c92f2 elementor-invisible elementor-widget elementor-widget-heading\" data-id=\"d6c92f2\" data-element_type=\"widget\" data-e-type=\"widget\" data-settings=\"{&quot;_animation&quot;:&quot;fadeInUp&quot;}\" data-widget_type=\"heading.default\">\n\t\t\t\t<div class=\"elementor-widget-container\">\n\t\t\t\t\t<h1 class=\"elementor-heading-title elementor-size-default\">Habsburg Heritage<\/h1>\t\t\t\t<\/div>\n\t\t\t\t<\/div>\n\t\t\t\t<\/div>\n\t\t\t\t\t<\/div>\n\t\t\t\t<\/div>\n\t\t<div class=\"elementor-element elementor-element-f3b14d3 e-flex e-con-boxed e-con e-parent\" data-id=\"f3b14d3\" data-element_type=\"container\" data-e-type=\"container\" data-settings=\"{&quot;background_background&quot;:&quot;classic&quot;}\">\n\t\t\t\t\t<div class=\"e-con-inner\">\n\t\t<div class=\"elementor-element elementor-element-823511a e-con-full e-flex e-con e-child\" data-id=\"823511a\" data-element_type=\"container\" data-e-type=\"container\" data-settings=\"{&quot;background_background&quot;:&quot;classic&quot;}\">\n\t\t\t\t<div class=\"elementor-element elementor-element-28cc7b3 elementor-widget elementor-widget-heading\" data-id=\"28cc7b3\" data-element_type=\"widget\" data-e-type=\"widget\" data-widget_type=\"heading.default\">\n\t\t\t\t<div class=\"elementor-widget-container\">\n\t\t\t\t\t<h2 class=\"elementor-heading-title elementor-size-default\">Impressum<\/h2>\t\t\t\t<\/div>\n\t\t\t\t<\/div>\n\t\t\t\t<div class=\"elementor-element elementor-element-bca17ad elementor-widget elementor-widget-text-editor\" data-id=\"bca17ad\" data-element_type=\"widget\" data-e-type=\"widget\" data-widget_type=\"text-editor.default\">\n\t\t\t\t<div class=\"elementor-widget-container\">\n\t\t\t\t\t\t\t\t\t<table width=\"605\"><tbody><tr><td width=\"208\">DARIUS Consulting GmbH<br \/>Siegfriedstra\u00dfe\u00a015<br \/>40549 D\u00fcsseldorf<br \/>Deutschland<\/td><\/tr><tr><td width=\"208\"><strong>Vertreten durch den Gesch\u00e4ftsf\u00fchrer:<\/strong><\/td><\/tr><tr><td width=\"208\">Prof. Dr. Alexander Goepfert<\/td><\/tr><tr><td width=\"208\"><strong>Kontakt:<\/strong><\/td><\/tr><tr><td width=\"208\">E-mail: <a href=\"mailto:habsburg-heritage.imprint@fticonsulting.com\">habsburg-heritage.imprint@fticonsulting.com<\/a><\/td><\/tr><tr><td width=\"208\"><strong>Registereintrag:<\/strong><\/td><\/tr><tr><td width=\"208\">Registergericht: Amtsgericht Frankfurt am Main<br \/>Registernummer: HRB 127654<\/td><\/tr><tr><td width=\"208\"><strong>Umsatzsteuer-Identifikationsnummer:<\/strong><\/td><\/tr><tr><td width=\"208\">DE356418679<\/td><\/tr><tr><td width=\"208\"><strong>Verantwortlich f\u00fcr den Inhalt nach \u00a7 18 Abs.<em>\u00a02<\/em> MStV:<\/strong><\/td><\/tr><tr><td width=\"208\">Prof. Dr. Alexander Goepfert<br \/>Siegfriedstra\u00dfe\u00a015<br \/>40549 D\u00fcsseldorf<br \/>Deutschland<\/td><\/tr><tr><td width=\"208\"><strong>RECHTLICHE HINWEISE<\/strong><\/td><\/tr><tr><td width=\"208\"><strong>Disclaimer<\/strong><\/td><\/tr><tr><td width=\"208\">Die Inhalte dieser Website wurden mit gr\u00f6\u00dfter Sorgfalt erstellt. F\u00fcr die Richtigkeit, Vollst\u00e4ndigkeit und Aktualit\u00e4t der Inhalte \u00fcbernehmen wir jedoch keine Gew\u00e4hr.<\/td><\/tr><tr><td width=\"208\">Als Anbieter sind wir f\u00fcr eigene Inhalte auf dieser Website nach den allgemeinen Gesetzen verantwortlich. Wir sind jedoch nicht verpflichtet, \u00fcbermittelte oder gespeicherte fremde Informationen zu \u00fcberwachen oder nach Umst\u00e4nden zu forschen, die auf eine rechtswidrige T\u00e4tigkeit hinweisen. Verpflichtungen zur Entfernung oder Sperrung der Nutzung von Informationen nach den allgemeinen Gesetzen bleiben hiervon unber\u00fchrt. Eine diesbez\u00fcgliche Haftung ist jedoch erst ab dem Zeitpunkt der Kenntnis einer konkreten Rechtsverletzung m\u00f6glich. Bei Bekanntwerden von entsprechenden Rechtsverletzungen werden wir diese Inhalte umgehend entfernen.<\/td><\/tr><tr><td width=\"208\"><strong>Urheberrecht und Nutzungsrechte<\/strong><\/td><\/tr><tr><td width=\"208\">Die durch uns erstellten Inhalte und Werke auf dieser Website unterliegen dem deutschen Urheberrecht. Jede Vervielf\u00e4ltigung, Bearbeitung, Verbreitung, \u00f6ffentliche Zug\u00e4nglichmachung oder sonstige Nutzung au\u00dferhalb der Grenzen des Urheberrechts bedarf der schriftlichen Zustimmung des jeweiligen Rechteinhabers.<\/td><\/tr><tr><td width=\"208\">Insbesondere die auf dieser Website eingebundenen Bilder sind urheberrechtlich gesch\u00fctzt. Jede Nutzung dieser Bilder (z.B. Vervielf\u00e4ltigung, Verbreitung oder Speicherung) ist ohne unsere schriftliche Zustimmung nicht gestattet.<\/td><\/tr><tr><td width=\"208\">Downloads und Kopien dieser Website zur Weiterverbreitung oder kommerziellen Nutzung sind nicht gestattet. Soweit die Inhalte auf dieser Website nicht von uns erstellt wurden, werden die Urheberrechte Dritter beachtet. Insbesondere werden Inhalte Dritter als solche gekennzeichnet. Sollten Sie trotzdem auf eine Urheberrechtsverletzung aufmerksam werden, bitten wir um einen entsprechenden Hinweis. Bei Bekanntwerden von Rechtsverletzungen werden wir derartige Inhalte umgehend entfernen.<\/td><\/tr><tr><td width=\"208\"><strong>Verf\u00fcgbarkeit und \u00c4nderungen<\/strong><\/td><\/tr><tr><td width=\"208\">Es besteht kein Anspruch auf st\u00f6rungsfreien Betrieb oder st\u00e4ndige Verf\u00fcgbarkeit dieser Website. Wartungen, Updates und Eingriffe Dritter k\u00f6nnen zu Unterbrechungen oder Einschr\u00e4nkungen f\u00fchren.<\/td><\/tr><tr><td width=\"208\">Wir behalten uns das Recht vor, diese Website oder Teile davon jederzeit ohne vorherige Ank\u00fcndigung zu \u00e4ndern, zu erg\u00e4nzen, zu unterbrechen oder deren Betrieb einzustellen.<\/td><\/tr><tr><td width=\"208\"><strong>Anwendbares Recht<\/strong><\/td><\/tr><tr><td width=\"208\">Die rechtlichen Hinweise auf dieser Seite sowie alle Fragen und Streitigkeiten im Zusammenhang mit dieser Website unterliegen deutschem Recht.<\/td><\/tr><\/tbody><\/table>\t\t\t\t\t\t\t\t<\/div>\n\t\t\t\t<\/div>\n\t\t\t\t<\/div>\n\t\t\t\t\t<\/div>\n\t\t\t\t<\/div>\n\t\t<div class=\"elementor-element elementor-element-46b89fc e-flex e-con-boxed e-con e-parent\" data-id=\"46b89fc\" data-element_type=\"container\" data-e-type=\"container\" data-settings=\"{&quot;background_background&quot;:&quot;classic&quot;}\">\n\t\t\t\t\t<div class=\"e-con-inner\">\n\t\t\t\t\t<\/div>\n\t\t\t\t<\/div>\n\t\t\t\t<\/div>","protected":false},"excerpt":{"rendered":"<p>Habsburg Heritage Legal Notices DARIUS Consulting GmbHSiegfriedstra\u00dfe\u00a01540549 D\u00fcsseldorfGermany Represented by the Managing Director: Prof. Dr. Alexander Goepfert Contact: Email: habsburg-heritage.imprint@fticonsulting.com Commercial Register Entry: Register court: Amtsgericht Frankfurt am MainRegistration number: HRB\u00a0127654 VAT Identification Number: DE356418679 Person responsible for editorial content pursuant to Section\u00a018(2) of the German State Media Treaty (Medienstaatsvertrag \u2013 MStV): Prof. Dr. Alexander [&hellip;]<\/p>","protected":false},"author":2,"featured_media":1131,"parent":0,"menu_order":0,"comment_status":"closed","ping_status":"closed","template":"elementor_header_footer","meta":{"_seopress_robots_primary_cat":"","_seopress_titles_title":"Legal Notice","_seopress_titles_desc":"","_seopress_robots_index":"yes","footnotes":""},"class_list":["post-1143","page","type-page","status-publish","has-post-thumbnail","hentry"],"_links":{"self":[{"href":"https:\/\/www.habsburg-heritage.com\/de\/wp-json\/wp\/v2\/pages\/1143","targetHints":{"allow":["GET"]}}],"collection":[{"href":"https:\/\/www.habsburg-heritage.com\/de\/wp-json\/wp\/v2\/pages"}],"about":[{"href":"https:\/\/www.habsburg-heritage.com\/de\/wp-json\/wp\/v2\/types\/page"}],"author":[{"embeddable":true,"href":"https:\/\/www.habsburg-heritage.com\/de\/wp-json\/wp\/v2\/users\/2"}],"replies":[{"embeddable":true,"href":"https:\/\/www.habsburg-heritage.com\/de\/wp-json\/wp\/v2\/comments?post=1143"}],"version-history":[{"count":0,"href":"https:\/\/www.habsburg-heritage.com\/de\/wp-json\/wp\/v2\/pages\/1143\/revisions"}],"wp:featuredmedia":[{"embeddable":true,"href":"https:\/\/www.habsburg-heritage.com\/de\/wp-json\/wp\/v2\/media\/1131"}],"wp:attachment":[{"href":"https:\/\/www.habsburg-heritage.com\/de\/wp-json\/wp\/v2\/media?parent=1143"}],"curies":[{"name":"wp","href":"https:\/\/api.w.org\/{rel}","templated":true}]}}